{"id":7687,"date":"2024-02-14T07:58:37","date_gmt":"2024-02-14T07:58:37","guid":{"rendered":"https:\/\/carsten.qodeinteractive.com\/?page_id=7687"},"modified":"2024-10-24T10:54:21","modified_gmt":"2024-10-24T10:54:21","slug":"pool","status":"publish","type":"page","link":"https:\/\/dar-shaan.com\/fr\/amenities\/pool\/","title":{"rendered":"Piscine"},"content":{"rendered":"<div data-elementor-type=\"wp-page\" data-elementor-id=\"7687\" class=\"elementor elementor-7687\">\n\t\t\t\t<div class=\"elementor-element elementor-element-6a8ec61 e-con-full e-flex e-con e-parent\" data-id=\"6a8ec61\" data-element_type=\"container\" data-settings=\"{&quot;background_background&quot;:&quot;classic&quot;}\">\n\t\t\t\t<\/div>\n\t\t<div class=\"elementor-element elementor-element-8deddde e-con-full e-flex e-con e-parent\" data-id=\"8deddde\" data-element_type=\"container\">\n\t\t<div class=\"elementor-element elementor-element-863318a e-con-full qodef-elementor-content-grid e-flex e-con e-child\" data-id=\"863318a\" data-element_type=\"container\">\n\t\t\t\t<div class=\"elementor-element elementor-element-c9c8699 elementor-widget__width-initial elementor-widget elementor-widget-carsten_core_section_title\" data-id=\"c9c8699\" data-element_type=\"widget\" data-widget_type=\"carsten_core_section_title.default\">\n\t\t\t\t<div class=\"elementor-widget-container\">\n\t\t\t<div class=\"qodef-shortcode qodef-m  qodef-section-title qodef-alignment--center\">\n\t\t<h2 class=\"qodef-m-title\" style=\"color: #000000;text-transform: uppercase\">\n\t\t\t\t\tUne oasis de fra\u00eecheur : La piscine de l'h\u00f4tel Dar Sh\u00e2an\t\t\t<\/h2>\n\t\t<p class=\"qodef-m-subtitle\" style=\"margin-top: 12px\">Plongez dans la relaxation avec la superbe piscine du Dar Sh\u00e2an, une oasis con\u00e7ue pour la tranquillit\u00e9 et le rajeunissement. Entour\u00e9e d'une v\u00e9g\u00e9tation luxuriante et d'\u00e9l\u00e9gants salons, la piscine est l'endroit id\u00e9al pour s'\u00e9vader de l'\u00e9nergie vibrante de la M\u00e9dina. Que vous choisissiez de vous rafra\u00eechir, de vous d\u00e9tendre sur une chaise longue avec un bon livre ou de savourer une boisson rafra\u00eechissante au bar, la piscine vous invite \u00e0 vous pr\u00e9lasser dans la s\u00e9r\u00e9nit\u00e9. Avec son ambiance sereine et son service exceptionnel, la piscine est l'endroit id\u00e9al pour se d\u00e9tendre et se ressourcer pendant votre s\u00e9jour au Dar Sh\u00e2an.<\/p>\n\t<\/div>\n\t\t<\/div>\n\t\t\t\t<\/div>\n\t\t\t\t<\/div>\n\t\t\t\t<\/div>\n\t\t<div class=\"elementor-element elementor-element-91a193e e-con-full e-flex e-con e-parent\" data-id=\"91a193e\" data-element_type=\"container\">\n\t\t\t\t<div class=\"elementor-element elementor-element-29f2f5e elementor-widget elementor-widget-carsten_core_image_gallery\" data-id=\"29f2f5e\" data-element_type=\"widget\" data-widget_type=\"carsten_core_image_gallery.default\">\n\t\t\t\t<div class=\"elementor-widget-container\">\n\t\t\t<div class=\"qodef-shortcode qodef-m  qodef-image-gallery   qodef-vertical-align--no  qodef-hover--overlay qodef-grid qodef-swiper-container  qodef-gutter--custom  qodef-col-num--1.9  qodef-responsive--predefined\" style=\"--qode-gradient-color: #002C8240;--qode-gutter-custom: 40px;--qode-gutter-custom-1512: 40px;--qode-gutter-custom-1200: 40px;--qode-gutter-custom-880: 20px\" data-options=\"{&quot;spaceBetween&quot;:40,&quot;spaceBetween1512&quot;:40,&quot;spaceBetween1200&quot;:40,&quot;spaceBetween880&quot;:20,&quot;slidesPerView&quot;:1.8999999999999999,&quot;loop&quot;:true,&quot;autoplay&quot;:true,&quot;speed&quot;:&quot;&quot;,&quot;speedAnimation&quot;:&quot;&quot;,&quot;slideAnimation&quot;:&quot;&quot;,&quot;direction&quot;:&quot;&quot;,&quot;reverseDirection&quot;:false,&quot;centeredSlides&quot;:true,&quot;sliderScroll&quot;:&quot;&quot;,&quot;loopedSlides&quot;:&quot;&quot;,&quot;hiddenSlides&quot;:&quot;&quot;,&quot;partialColumn&quot;:true,&quot;partialColumnValue&quot;:&quot;0.9&quot;}\">\n\t<div class=\"swiper-wrapper\">\n\t\t<div class=\"qodef-e qodef-image-wrapper swiper-slide\">\n\t\t\t<div class=\"qodef-e-image\">\n\t\t\t<img fetchpriority=\"high\" decoding=\"async\" src=\"https:\/\/dar-shaan.com\/wp-content\/uploads\/2024\/10\/046A6151-scaled-700x500.jpg\" alt=\"\" width=\"700\" height=\"500\" data-ratio=\"1.4\" \/>\t\t<\/div>\n\t\t\t<\/div>\n<div class=\"qodef-e qodef-image-wrapper swiper-slide\">\n\t\t\t<div class=\"qodef-e-image\">\n\t\t\t<img decoding=\"async\" src=\"https:\/\/dar-shaan.com\/wp-content\/uploads\/2024\/10\/046A6147-scaled-700x500.jpg\" alt=\"\" width=\"700\" height=\"500\" data-ratio=\"1.4\" \/>\t\t<\/div>\n\t\t\t<\/div>\n<div class=\"qodef-e qodef-image-wrapper swiper-slide\">\n\t\t\t<div class=\"qodef-e-image\">\n\t\t\t<img decoding=\"async\" src=\"https:\/\/dar-shaan.com\/wp-content\/uploads\/2024\/10\/046A5220-scaled-700x500.jpg\" alt=\"\" width=\"700\" height=\"500\" data-ratio=\"1.4\" \/>\t\t<\/div>\n\t\t\t<\/div>\n<div class=\"qodef-e qodef-image-wrapper swiper-slide\">\n\t\t\t<div class=\"qodef-e-image\">\n\t\t\t<img loading=\"lazy\" decoding=\"async\" src=\"https:\/\/dar-shaan.com\/wp-content\/uploads\/2024\/10\/046A5257-scaled-700x500.jpg\" alt=\"\" width=\"700\" height=\"500\" data-ratio=\"1.4\" \/>\t\t<\/div>\n\t\t\t<\/div>\n<div class=\"qodef-e qodef-image-wrapper swiper-slide\">\n\t\t\t<div class=\"qodef-e-image\">\n\t\t\t<img loading=\"lazy\" decoding=\"async\" src=\"https:\/\/dar-shaan.com\/wp-content\/uploads\/2024\/10\/046A5940-scaled-700x500.jpg\" alt=\"\" width=\"700\" height=\"500\" data-ratio=\"1.4\" \/>\t\t<\/div>\n\t\t\t<\/div>\n<div class=\"qodef-e qodef-image-wrapper swiper-slide\">\n\t\t\t<div class=\"qodef-e-image\">\n\t\t\t<img loading=\"lazy\" decoding=\"async\" src=\"https:\/\/dar-shaan.com\/wp-content\/uploads\/2024\/10\/046A5892-scaled-700x500.jpg\" alt=\"\" width=\"700\" height=\"500\" data-ratio=\"1.4\" \/>\t\t<\/div>\n\t\t\t<\/div>\n<div class=\"qodef-e qodef-image-wrapper swiper-slide\">\n\t\t\t<div class=\"qodef-e-image\">\n\t\t\t<img loading=\"lazy\" decoding=\"async\" src=\"https:\/\/dar-shaan.com\/wp-content\/uploads\/2024\/10\/046A5922-scaled-700x500.jpg\" alt=\"\" width=\"700\" height=\"500\" data-ratio=\"1.4\" \/>\t\t<\/div>\n\t\t\t<\/div>\n<div class=\"qodef-e qodef-image-wrapper swiper-slide\">\n\t\t\t<div class=\"qodef-e-image\">\n\t\t\t<img loading=\"lazy\" decoding=\"async\" src=\"https:\/\/dar-shaan.com\/wp-content\/uploads\/2024\/10\/046A6042-scaled-700x500.jpg\" alt=\"\" width=\"700\" height=\"500\" data-ratio=\"1.4\" \/>\t\t<\/div>\n\t\t\t<\/div>\n<div class=\"qodef-e qodef-image-wrapper swiper-slide\">\n\t\t\t<div class=\"qodef-e-image\">\n\t\t\t<img loading=\"lazy\" decoding=\"async\" src=\"https:\/\/dar-shaan.com\/wp-content\/uploads\/2024\/10\/046A5868-scaled-700x500.jpg\" alt=\"\" width=\"700\" height=\"500\" data-ratio=\"1.4\" \/>\t\t<\/div>\n\t\t\t<\/div>\n\t<\/div>\n\t\t<\/div>\n\t\t<\/div>\n\t\t\t\t<\/div>\n\t\t\t\t<\/div>\n\t\t<div class=\"elementor-element elementor-element-0452e5b e-con-full e-flex e-con e-parent\" data-id=\"0452e5b\" data-element_type=\"container\">\n\t\t<div class=\"elementor-element elementor-element-c09c06e e-con-full e-flex e-con e-child\" data-id=\"c09c06e\" data-element_type=\"container\">\n\t\t\t\t<div class=\"elementor-element elementor-element-249795c elementor-widget elementor-widget-google_maps\" data-id=\"249795c\" data-element_type=\"widget\" data-widget_type=\"google_maps.default\">\n\t\t\t\t<div class=\"elementor-widget-container\">\n\t\t\t\t\t<div class=\"elementor-custom-embed\">\n\t\t\t<iframe loading=\"lazy\"\n\t\t\t\t\tsrc=\"https:\/\/maps.google.com\/maps?q=%2024%20Rue%20Jirari%2C%20Ancienne%20Medina%2C%20Rabat&#038;t=m&#038;z=10&#038;output=embed&#038;iwloc=near\"\n\t\t\t\t\ttitle=\" 24 Rue Jirari, Ancienne Medina, Rabat\"\n\t\t\t\t\taria-label=\" 24 Rue Jirari, Ancienne Medina, Rabat\"\n\t\t\t><\/iframe>\n\t\t<\/div>\n\t\t\t\t<\/div>\n\t\t\t\t<\/div>\n\t\t\t\t<\/div>\n\t\t<div class=\"elementor-element elementor-element-01a747c e-con-full e-flex e-con e-child\" data-id=\"01a747c\" data-element_type=\"container\">\n\t\t\t\t<div class=\"elementor-element elementor-element-7cd93eb elementor-widget elementor-widget-carsten_core_section_title\" data-id=\"7cd93eb\" data-element_type=\"widget\" data-widget_type=\"carsten_core_section_title.default\">\n\t\t\t\t<div class=\"elementor-widget-container\">\n\t\t\t<div class=\"qodef-shortcode qodef-m  qodef-section-title qodef-alignment--left\">\n\t\t<h3 class=\"qodef-m-title\" >\n\t\t\t\t\tR\u00e9servez d\u00e8s maintenant pour une escapade sereine \u00e0 Dar Sh\u00e2an !\t\t\t<\/h3>\n\t\t<\/div>\n\t\t<\/div>\n\t\t\t\t<\/div>\n\t\t\t\t<div class=\"elementor-element elementor-element-b85c88c popmake-12929 elementor-widget elementor-widget-carsten_core_button\" data-id=\"b85c88c\" data-element_type=\"widget\" data-widget_type=\"carsten_core_button.default\">\n\t\t\t\t<div class=\"elementor-widget-container\">\n\t\t\t<a class=\"qodef-shortcode qodef-m  qodef-button qodef-layout--filled  qodef-html--link\" href=\"\" target=\"_self\" style=\"--qode-button-color: #FFFFFF;--qode-button-hover-color: #000000;--qode-button-bg-color: #000000;--qode-button-bg-hover-color: #FFFFFF;--qode-button-border-color: #000000;--qode-button-border-hover-color: #000000\">\n\t<span class=\"qodef-m-text\">R\u00e9server<\/span>\n<\/a>\n\t\t<\/div>\n\t\t\t\t<\/div>\n\t\t\t\t<\/div>\n\t\t\t\t<\/div>\n\t\t<div class=\"elementor-element elementor-element-768dbf3 e-con-full e-flex e-con e-parent\" data-id=\"768dbf3\" data-element_type=\"container\">\n\t\t<div class=\"elementor-element elementor-element-d7efc58 e-con-full e-flex e-con e-child\" data-id=\"d7efc58\" data-element_type=\"container\">\n\t\t\t\t<div class=\"elementor-element elementor-element-ba311c3 elementor-widget elementor-widget-carsten_core_image_gallery\" data-id=\"ba311c3\" data-element_type=\"widget\" data-widget_type=\"carsten_core_image_gallery.default\">\n\t\t\t\t<div class=\"elementor-widget-container\">\n\t\t\t<div class=\"qodef-shortcode qodef-m  qodef-image-gallery   qodef-vertical-align--no qodef--light qodef-hover--overlay qodef-grid qodef-swiper-container  qodef-gutter--no  qodef-col-num--1  qodef-responsive--predefined\"  data-options=\"{&quot;spaceBetween&quot;:0,&quot;slidesPerView&quot;:&quot;1&quot;,&quot;loop&quot;:true,&quot;autoplay&quot;:true,&quot;speed&quot;:&quot;&quot;,&quot;speedAnimation&quot;:&quot;&quot;,&quot;slideAnimation&quot;:&quot;&quot;,&quot;direction&quot;:&quot;&quot;,&quot;reverseDirection&quot;:false,&quot;centeredSlides&quot;:&quot;&quot;,&quot;sliderScroll&quot;:&quot;&quot;,&quot;loopedSlides&quot;:&quot;&quot;,&quot;hiddenSlides&quot;:&quot;no&quot;,&quot;partialColumn&quot;:&quot;&quot;,&quot;partialColumnValue&quot;:0}\">\n\t<div class=\"swiper-wrapper\">\n\t\t<div class=\"qodef-e qodef-image-wrapper swiper-slide\">\n\t\t\t<div class=\"qodef-e-image\">\n\t\t\t<img loading=\"lazy\" decoding=\"async\" src=\"https:\/\/dar-shaan.com\/wp-content\/uploads\/2024\/10\/046A6516-scaled-800x800.jpg\" alt=\"\" width=\"800\" height=\"800\" data-ratio=\"1\" \/>\t\t<\/div>\n\t\t\t<\/div>\n<div class=\"qodef-e qodef-image-wrapper swiper-slide\">\n\t\t\t<div class=\"qodef-e-image\">\n\t\t\t<img loading=\"lazy\" decoding=\"async\" src=\"https:\/\/dar-shaan.com\/wp-content\/uploads\/2024\/10\/046A5427-scaled-800x800.jpg\" alt=\"\" width=\"800\" height=\"800\" data-ratio=\"1\" \/>\t\t<\/div>\n\t\t\t<\/div>\n<div class=\"qodef-e qodef-image-wrapper swiper-slide\">\n\t\t\t<div class=\"qodef-e-image\">\n\t\t\t<img loading=\"lazy\" decoding=\"async\" src=\"https:\/\/dar-shaan.com\/wp-content\/uploads\/2024\/10\/046A6801-scaled-800x800.jpg\" alt=\"\" width=\"800\" height=\"800\" data-ratio=\"1\" \/>\t\t<\/div>\n\t\t\t<\/div>\n<div class=\"qodef-e qodef-image-wrapper swiper-slide\">\n\t\t\t<div class=\"qodef-e-image\">\n\t\t\t<img loading=\"lazy\" decoding=\"async\" src=\"https:\/\/dar-shaan.com\/wp-content\/uploads\/2024\/10\/046A4642-scaled-800x800.jpg\" alt=\"\" width=\"800\" height=\"800\" data-ratio=\"1\" \/>\t\t<\/div>\n\t\t\t<\/div>\n<div class=\"qodef-e qodef-image-wrapper swiper-slide\">\n\t\t\t<div class=\"qodef-e-image\">\n\t\t\t<img loading=\"lazy\" decoding=\"async\" src=\"https:\/\/dar-shaan.com\/wp-content\/uploads\/2024\/10\/046A6942-scaled-800x800.jpg\" alt=\"\" width=\"800\" height=\"800\" data-ratio=\"1\" \/>\t\t<\/div>\n\t\t\t<\/div>\n\t<\/div>\n\t\t<div class=\"swiper-button-prev\"><svg class=\"qodef-svg--navigation-arrow-left\" xmlns=\"http:\/\/www.w3.org\/2000\/svg\" width=\"25.547\" height=\"50.094\"><path fill=\"none\" stroke=\"currentColor\" stroke-linecap=\"round\" stroke-linejoin=\"round\" d=\"M24.84.707.5 25.047l24.34 24.34\"\/><\/svg><\/div>\n\t<div class=\"swiper-button-next\"><svg class=\"qodef-svg--navigation-arrow-right\" xmlns=\"http:\/\/www.w3.org\/2000\/svg\" width=\"25.547\" height=\"50.094\"><path fill=\"none\" stroke=\"currentColor\" stroke-linecap=\"round\" stroke-linejoin=\"round\" d=\"m.707.707 24.34 24.34-24.34 24.34\"\/><\/svg><\/div>\n\t<\/div>\n\t\t<\/div>\n\t\t\t\t<\/div>\n\t\t\t\t<\/div>\n\t\t<div class=\"elementor-element elementor-element-dcc4156 e-con-full e-flex e-con e-child\" data-id=\"dcc4156\" data-element_type=\"container\" data-settings=\"{&quot;background_background&quot;:&quot;classic&quot;}\">\n\t\t\t\t<div class=\"elementor-element elementor-element-15f6f2e elementor-widget elementor-widget-carsten_core_section_title\" data-id=\"15f6f2e\" data-element_type=\"widget\" data-widget_type=\"carsten_core_section_title.default\">\n\t\t\t\t<div class=\"elementor-widget-container\">\n\t\t\t<div class=\"qodef-shortcode qodef-m  qodef-section-title qodef-alignment--left\">\n\t\t<h3 class=\"qodef-m-title\" style=\"color: #FFFFFF\">\n\t\t\t\t\tLes points de vue de nos invit\u00e9s\t\t\t<\/h3>\n\t\t<\/div>\n\t\t<\/div>\n\t\t\t\t<\/div>\n\t\t\t\t<div class=\"elementor-element elementor-element-1a68a9a elementor-widget elementor-widget-carsten_core_testimonials_list\" data-id=\"1a68a9a\" data-element_type=\"widget\" data-widget_type=\"carsten_core_testimonials_list.default\">\n\t\t\t\t<div class=\"elementor-widget-container\">\n\t\t\t<div class=\"qodef-testimonials-wrapper qodef-padding-reset\">\n    <div class=\"qodef-shortcode qodef-m  qodef-testimonials-list qodef-skin--light  qodef-image-border-radius qodef-grid qodef-swiper-container    qodef-col-num--1 qodef-item-layout--info-below qodef-responsive--predefined qodef-swiper--show-pagination\" style=\"--text-font-size: 18px\" data-options=\"{&quot;spaceBetween&quot;:30,&quot;slidesPerView&quot;:&quot;1&quot;,&quot;loop&quot;:true,&quot;autoplay&quot;:true,&quot;speed&quot;:&quot;&quot;,&quot;speedAnimation&quot;:&quot;&quot;,&quot;slideAnimation&quot;:&quot;&quot;,&quot;direction&quot;:&quot;&quot;,&quot;reverseDirection&quot;:false,&quot;centeredSlides&quot;:&quot;&quot;,&quot;sliderScroll&quot;:&quot;&quot;,&quot;loopedSlides&quot;:&quot;&quot;,&quot;hiddenSlides&quot;:&quot;&quot;,&quot;partialColumn&quot;:&quot;&quot;,&quot;partialColumnValue&quot;:0,&quot;outsideNavigation&quot;:&quot;yes&quot;,&quot;unique&quot;:992}\">\n                                <span class=\"qodef--quote\">\n                    <svg xmlns=\"http:\/\/www.w3.org\/2000\/svg\" width=\"64\" height=\"80\"><text fill=\"currentColor\" data-name=\"\u201c\" font-family=\"Jost-Regular, Jost\" font-size=\"90\"><tspan x=\"0\" y=\"96\">\u201c<\/tspan><\/text><\/svg>\n                <\/span>\n                <div class=\"swiper-wrapper\">\n            <div class=\"qodef-e swiper-slide\">\n\t<div class=\"qodef-e-inner\">\n\t\t\t\t<div class=\"qodef-e-content\">\n\t\t\t\t<h4 itemprop=\"name\" class=\"qodef-e-title entry-title\" >\n\t\tTr\u00e8s beau riad\t<\/h4>\n\t\t\t\t<p itemprop=\"description\" class=\"qodef-e-text\">Chambres confortables, mais manque d'espaces communs ad\u00e9quats.<\/p>\n\t\t\t\t<div class=\"qodef-e-author\">\n\t\t<span class=\"qodef-e-author-name\"> Romina D&#039;Ambrosio<\/span>\n        <span class=\"qodef-info-separator-end\"><\/span>\n\t\t\t<\/div>\n\t\t<\/div>\n\t<\/div>\n<\/div>\n<div class=\"qodef-e swiper-slide\">\n\t<div class=\"qodef-e-inner\">\n\t\t\t\t<div class=\"qodef-e-content\">\n\t\t\t\t<h4 itemprop=\"name\" class=\"qodef-e-title entry-title\" >\n\t\tTr\u00e8s beau riad, bien entretenu. \t<\/h4>\n\t\t\t\t<p itemprop=\"description\" class=\"qodef-e-text\">Excellente situation. Hautement recommand\u00e9 aussi pour la gentillesse du personnel !<\/p>\n\t\t\t\t<div class=\"qodef-e-author\">\n\t\t<span class=\"qodef-e-author-name\">Enrica Mantovani<\/span>\n        <span class=\"qodef-info-separator-end\"><\/span>\n\t\t\t<\/div>\n\t\t<\/div>\n\t<\/div>\n<\/div>\n<div class=\"qodef-e swiper-slide\">\n\t<div class=\"qodef-e-inner\">\n\t\t\t\t<div class=\"qodef-e-content\">\n\t\t\t\t<h4 itemprop=\"name\" class=\"qodef-e-title entry-title\" >\n\t\tLa propri\u00e9t\u00e9 est tr\u00e8s bien situ\u00e9e.\t<\/h4>\n\t\t\t\t<p itemprop=\"description\" class=\"qodef-e-text\">Le Riad est tr\u00e8s bien entretenu et propre. La salle de bains est fabuleuse. La propri\u00e9t\u00e9 dispose \u00e9galement d'une piscine ext\u00e9rieure, elle aussi divinement entretenue. Le jardin int\u00e9rieur est fabuleux, donnant \u00e0 l'endroit une touche zen.<\/p>\n\t\t\t\t<div class=\"qodef-e-author\">\n\t\t<span class=\"qodef-e-author-name\">May Flowers<\/span>\n        <span class=\"qodef-info-separator-end\"><\/span>\n\t\t\t<\/div>\n\t\t<\/div>\n\t<\/div>\n<\/div>\n        <\/div>\n        \t<div class=\"swiper-pagination\"><\/div>\n    <\/div>\n    <\/div>\n\n\t\t<\/div>\n\t\t\t\t<\/div>\n\t\t\t\t<\/div>\n\t\t\t\t<\/div>\n\t\t\t\t<\/div>","protected":false},"excerpt":{"rendered":"<p>A Refreshing Oasis: The Hotel Pool at Dar Sh\u00e2an Dive into relaxation at Dar Sh\u00e2an\u2019s stunning pool, an oasis designed for tranquility and rejuvenation. Surrounded by lush greenery and elegant lounge areas, our pool provides the perfect escape from the vibrant energy of the Medina. Whether you choose to take a refreshing dip, unwind on [&hellip;]<\/p>","protected":false},"author":3,"featured_media":0,"parent":6125,"menu_order":0,"comment_status":"closed","ping_status":"closed","template":"page-full-width.php","meta":{"footnotes":""},"class_list":["post-7687","page","type-page","status-publish","hentry"],"_links":{"self":[{"href":"https:\/\/dar-shaan.com\/fr\/wp-json\/wp\/v2\/pages\/7687","targetHints":{"allow":["GET"]}}],"collection":[{"href":"https:\/\/dar-shaan.com\/fr\/wp-json\/wp\/v2\/pages"}],"about":[{"href":"https:\/\/dar-shaan.com\/fr\/wp-json\/wp\/v2\/types\/page"}],"author":[{"embeddable":true,"href":"https:\/\/dar-shaan.com\/fr\/wp-json\/wp\/v2\/users\/3"}],"replies":[{"embeddable":true,"href":"https:\/\/dar-shaan.com\/fr\/wp-json\/wp\/v2\/comments?post=7687"}],"version-history":[{"count":5,"href":"https:\/\/dar-shaan.com\/fr\/wp-json\/wp\/v2\/pages\/7687\/revisions"}],"predecessor-version":[{"id":12965,"href":"https:\/\/dar-shaan.com\/fr\/wp-json\/wp\/v2\/pages\/7687\/revisions\/12965"}],"up":[{"embeddable":true,"href":"https:\/\/dar-shaan.com\/fr\/wp-json\/wp\/v2\/pages\/6125"}],"wp:attachment":[{"href":"https:\/\/dar-shaan.com\/fr\/wp-json\/wp\/v2\/media?parent=7687"}],"curies":[{"name":"wp","href":"https:\/\/api.w.org\/{rel}","templated":true}]}}