{"id":7470,"date":"2024-02-13T11:50:58","date_gmt":"2024-02-13T11:50:58","guid":{"rendered":"https:\/\/carsten.qodeinteractive.com\/?page_id=7470"},"modified":"2025-12-16T12:29:23","modified_gmt":"2025-12-16T12:29:23","slug":"surroundings","status":"publish","type":"page","link":"https:\/\/dar-shaan.com\/fr\/surroundings\/","title":{"rendered":"Alentours"},"content":{"rendered":"<div data-elementor-type=\"wp-page\" data-elementor-id=\"7470\" class=\"elementor elementor-7470\">\n\t\t\t\t<div class=\"elementor-element elementor-element-a06a488 e-con-full e-flex e-con e-parent\" data-id=\"a06a488\" data-element_type=\"container\">\n\t\t\t\t<div class=\"elementor-element elementor-element-2101f16 elementor-widget__width-initial elementor-widget elementor-widget-carsten_core_section_title\" data-id=\"2101f16\" data-element_type=\"widget\" data-widget_type=\"carsten_core_section_title.default\">\n\t\t\t\t<div class=\"elementor-widget-container\">\n\t\t\t<div class=\"qodef-shortcode qodef-m  qodef-section-title qodef-alignment--left\">\n\t\t<h3 class=\"qodef-m-title\" style=\"text-transform: uppercase\">\n\t\t\t\t\tExplorer la culture locale, la nature, les aventures.\t\t\t<\/h3>\n\t\t<\/div>\n\t\t<\/div>\n\t\t\t\t<\/div>\n\t\t\t\t<\/div>\n\t\t<div class=\"elementor-element elementor-element-cd9d883 e-con-full e-flex e-con e-parent\" data-id=\"cd9d883\" data-element_type=\"container\">\n\t\t\t\t<div class=\"elementor-element elementor-element-28a3b63 elementor-widget__width-inherit elementor-widget elementor-widget-carsten_core_image_with_text\" data-id=\"28a3b63\" data-element_type=\"widget\" data-widget_type=\"carsten_core_image_with_text.default\">\n\t\t\t\t<div class=\"elementor-widget-container\">\n\t\t\t<div class=\"qodef-shortcode qodef-m  qodef-image-with-text qodef-layout--text-below  qodef--has-appear qodef--has-hover\" data-appear-delay=\"74\">\n\t<div class=\"qodef-m-image\">\n\t\t\t<img fetchpriority=\"high\" decoding=\"async\" src=\"https:\/\/dar-shaan.com\/wp-content\/uploads\/2024\/10\/pexels-karim-ouakkaha-1959420268-28889426-scaled-500x400.jpg\" alt=\"\" width=\"500\" height=\"400\" data-ratio=\"1.25\" \/>\t<\/div>\n\t<div class=\"qodef-m-content\">\n\t\t\t<h4 class=\"qodef-m-title\" style=\"margin-top: 18px\">\n\t\t\t\t\tD\u00e9couvrez le charme intemporel de Rabat\t\t\t<\/h4>\n\t\t\t<div class=\"qodef-m-text\" ><div class=\"flex-shrink-0 flex flex-col relative items-end\"><div><div class=\"pt-0\"><div class=\"gizmo-bot-avatar flex h-8 w-8 items-center justify-center overflow-hidden rounded-full\"><div class=\"relative p-1 rounded-sm flex items-center justify-center bg-token-main-surface-primary text-token-text-primary h-8 w-8\">Rabat est un m\u00e9lange d'histoire, de culture et de charme moderne. Explorez la m\u00e9dina anim\u00e9e, admirez des monuments tels que la tour Hassan et d\u00e9tendez-vous dans les jardins andalous. Avec sa beaut\u00e9 c\u00f4ti\u00e8re, ses souks anim\u00e9s et son riche patrimoine, Rabat offre une exp\u00e9rience marocaine inoubliable qui captive tous les voyageurs.<\/div><\/div><\/div><\/div><\/div><\/div>\n\t<\/div>\n<\/div>\n\t\t<\/div>\n\t\t\t\t<\/div>\n\t\t\t\t<div class=\"elementor-element elementor-element-334bc93 elementor-widget__width-inherit elementor-widget elementor-widget-carsten_core_image_with_text\" data-id=\"334bc93\" data-element_type=\"widget\" data-widget_type=\"carsten_core_image_with_text.default\">\n\t\t\t\t<div class=\"elementor-widget-container\">\n\t\t\t<div class=\"qodef-shortcode qodef-m  qodef-image-with-text qodef-layout--text-below  qodef--has-appear qodef--has-hover\" data-appear-delay=\"26\">\n\t<div class=\"qodef-m-image\">\n\t\t\t<img decoding=\"async\" src=\"https:\/\/dar-shaan.com\/wp-content\/uploads\/2024\/10\/oudayas1-500x400.jpg\" alt=\"\" width=\"500\" height=\"400\" data-ratio=\"1.25\" \/>\t<\/div>\n\t<div class=\"qodef-m-content\">\n\t\t\t<h4 class=\"qodef-m-title\" style=\"margin-top: 18px\">\n\t\t\t\t\tLa Kasbah des Oudayas : Un joyau historique\t\t\t<\/h4>\n\t\t\t<div class=\"qodef-m-text\" ><p>La Kasbah des Oudayas, class\u00e9e au patrimoine mondial de l'UNESCO, est l'une des attractions les plus embl\u00e9matiques de Rabat. Promenez-vous dans ses rues \u00e9troites peintes en bleu, explorez les anciens murs de la forteresse et d\u00e9tendez-vous dans les paisibles jardins andalous. L'h\u00f4tel offre des vues panoramiques sur l'oc\u00e9an Atlantique et le fleuve Bou Regreg.<\/p><\/div>\n\t<\/div>\n<\/div>\n\t\t<\/div>\n\t\t\t\t<\/div>\n\t\t\t\t<div class=\"elementor-element elementor-element-735c88c elementor-widget__width-inherit elementor-widget elementor-widget-carsten_core_image_with_text\" data-id=\"735c88c\" data-element_type=\"widget\" data-widget_type=\"carsten_core_image_with_text.default\">\n\t\t\t\t<div class=\"elementor-widget-container\">\n\t\t\t<div class=\"qodef-shortcode qodef-m  qodef-image-with-text qodef-layout--text-below  qodef--has-appear qodef--has-hover\" data-appear-delay=\"506\">\n\t<div class=\"qodef-m-image\">\n\t\t\t<img decoding=\"async\" src=\"https:\/\/dar-shaan.com\/wp-content\/uploads\/2024\/10\/pexels-temlyder-6589626-scaled-500x400.jpg\" alt=\"\" width=\"500\" height=\"400\" data-ratio=\"1.25\" \/>\t<\/div>\n\t<div class=\"qodef-m-content\">\n\t\t\t<h4 class=\"qodef-m-title\" style=\"margin-top: 18px\">\n\t\t\t\t\tLa Tour Hassan : Un symbole de la grandeur de Rabat\t\t\t<\/h4>\n\t\t\t<div class=\"qodef-m-text\" ><p>La Tour Hassan est un monument embl\u00e9matique de Rabat, symbole de la riche histoire et de la splendeur architecturale de la ville. Pr\u00e9vu \u00e0 l'origine pour \u00eatre la plus grande mosqu\u00e9e du monde, l'imposant minaret n'a pas \u00e9t\u00e9 achev\u00e9 mais continue de captiver les visiteurs par ses motifs complexes et sa pr\u00e9sence imposante.\u00a0<\/p><\/div>\n\t<\/div>\n<\/div>\n\t\t<\/div>\n\t\t\t\t<\/div>\n\t\t\t\t<\/div>\n\t\t<div class=\"elementor-element elementor-element-c857bef e-con-full e-flex e-con e-parent\" data-id=\"c857bef\" data-element_type=\"container\">\n\t\t\t\t<div class=\"elementor-element elementor-element-d5e5d12 elementor-widget__width-inherit elementor-widget elementor-widget-carsten_core_image_with_text\" data-id=\"d5e5d12\" data-element_type=\"widget\" data-widget_type=\"carsten_core_image_with_text.default\">\n\t\t\t\t<div class=\"elementor-widget-container\">\n\t\t\t<div class=\"qodef-shortcode qodef-m  qodef-image-with-text qodef-layout--text-below  qodef--has-appear qodef--has-hover\" data-appear-delay=\"223\">\n\t<div class=\"qodef-m-image\">\n\t\t\t<img loading=\"lazy\" decoding=\"async\" src=\"https:\/\/dar-shaan.com\/wp-content\/uploads\/2024\/10\/chellah-500x400.jpeg\" alt=\"\" width=\"500\" height=\"400\" data-ratio=\"1.25\" \/>\t<\/div>\n\t<div class=\"qodef-m-content\">\n\t\t\t<h4 class=\"qodef-m-title\" style=\"margin-top: 18px\">\n\t\t\t\t\tChellah : Ruines anciennes et jardins tranquilles\t\t\t<\/h4>\n\t\t\t<div class=\"qodef-m-text\" ><p>Chellah est un site arch\u00e9ologique fascinant situ\u00e9 juste \u00e0 l'ext\u00e9rieur de Rabat, o\u00f9 des ruines romaines et islamiques m\u00e9di\u00e9vales coexistent au milieu de jardins luxuriants. Autrefois ville prosp\u00e8re, elle offre aujourd'hui aux visiteurs la possibilit\u00e9 d'explorer d'anciens murs, des structures en ruine et des tombes sacr\u00e9es. Les cigognes qui nichent au sommet des ruines ajoutent \u00e0 l'atmosph\u00e8re sereine, tandis que la verdure environnante et les all\u00e9es paisibles font de Chellah l'endroit id\u00e9al.<\/p><\/div>\n\t<\/div>\n<\/div>\n\t\t<\/div>\n\t\t\t\t<\/div>\n\t\t\t\t<div class=\"elementor-element elementor-element-10b0fa1 elementor-widget__width-inherit elementor-widget elementor-widget-carsten_core_image_with_text\" data-id=\"10b0fa1\" data-element_type=\"widget\" data-widget_type=\"carsten_core_image_with_text.default\">\n\t\t\t\t<div class=\"elementor-widget-container\">\n\t\t\t<div class=\"qodef-shortcode qodef-m  qodef-image-with-text qodef-layout--text-below  qodef--has-appear qodef--has-hover\" data-appear-delay=\"315\">\n\t<div class=\"qodef-m-image\">\n\t\t\t<img loading=\"lazy\" decoding=\"async\" src=\"https:\/\/dar-shaan.com\/wp-content\/uploads\/2024\/10\/newcity-500x400.jpeg\" alt=\"\" width=\"500\" height=\"400\" data-ratio=\"1.25\" \/>\t<\/div>\n\t<div class=\"qodef-m-content\">\n\t\t\t<h4 class=\"qodef-m-title\" style=\"margin-top: 18px\">\n\t\t\t\t\tNouvelle ville : Le c\u0153ur moderne de Rabat\t\t\t<\/h4>\n\t\t\t<div class=\"qodef-m-text\" ><p>La nouvelle ville de Rabat, ou Ville Nouvelle, allie le d\u00e9veloppement urbain moderne au charme colonial fran\u00e7ais. Ce quartier anim\u00e9 se caract\u00e9rise par de larges boulevards bord\u00e9s d'arbres, des caf\u00e9s chics et des boutiques haut de gamme. Explorez les principaux monuments comme le Parlement et le Palais royal, ou fl\u00e2nez le long de l'avenue Mohammed V, en vous impr\u00e9gnant de l'atmosph\u00e8re contemporaine de la ville.\u00a0<\/p><\/div>\n\t<\/div>\n<\/div>\n\t\t<\/div>\n\t\t\t\t<\/div>\n\t\t\t\t<div class=\"elementor-element elementor-element-1458ffa elementor-widget__width-inherit elementor-widget elementor-widget-carsten_core_image_with_text\" data-id=\"1458ffa\" data-element_type=\"widget\" data-widget_type=\"carsten_core_image_with_text.default\">\n\t\t\t\t<div class=\"elementor-widget-container\">\n\t\t\t<div class=\"qodef-shortcode qodef-m  qodef-image-with-text qodef-layout--text-below  qodef--has-appear qodef--has-hover\" data-appear-delay=\"564\">\n\t<div class=\"qodef-m-image\">\n\t\t\t<img loading=\"lazy\" decoding=\"async\" src=\"https:\/\/dar-shaan.com\/wp-content\/uploads\/2024\/10\/mm6-500x400.jpeg\" alt=\"\" width=\"500\" height=\"400\" data-ratio=\"1.25\" \/>\t<\/div>\n\t<div class=\"qodef-m-content\">\n\t\t\t<h4 class=\"qodef-m-title\" style=\"margin-top: 18px\">\n\t\t\t\t\tMus\u00e9e Mohammed VI d'art moderne\t\t\t<\/h4>\n\t\t\t<div class=\"qodef-m-text\" ><div class=\"flex-shrink-0 flex flex-col relative items-end\"><div><div class=\"pt-0\"><div class=\"gizmo-bot-avatar flex h-8 w-8 items-center justify-center overflow-hidden rounded-full\"><div class=\"relative p-1 rounded-sm flex items-center justify-center bg-token-main-surface-primary text-token-text-primary h-8 w-8\">Le Mus\u00e9e Mohammed VI d'art moderne et contemporain est une visite incontournable pour les amateurs d'art \u00e0 Rabat. Ce mus\u00e9e renomm\u00e9 pr\u00e9sente une impressionnante collection d'art contemporain marocain et international, mettant en valeur la sc\u00e8ne culturelle dynamique du Maroc. Avec son architecture frappante, ses expositions tournantes et ses diverses \u0153uvres d'art allant de la peinture \u00e0 la sculpture, le Mus\u00e9e Mohammed VI est un lieu incontournable pour les amateurs d'art \u00e0 Rabat.<\/div><\/div><\/div><\/div><\/div><\/div>\n\t<\/div>\n<\/div>\n\t\t<\/div>\n\t\t\t\t<\/div>\n\t\t\t\t<\/div>\n\t\t<div class=\"elementor-element elementor-element-ab6dd61 e-con-full e-flex e-con e-parent\" data-id=\"ab6dd61\" data-element_type=\"container\">\n\t\t\t\t<div class=\"elementor-element elementor-element-6c2e08e elementor-widget__width-inherit elementor-widget elementor-widget-carsten_core_image_with_text\" data-id=\"6c2e08e\" data-element_type=\"widget\" data-widget_type=\"carsten_core_image_with_text.default\">\n\t\t\t\t<div class=\"elementor-widget-container\">\n\t\t\t<div class=\"qodef-shortcode qodef-m  qodef-image-with-text qodef-layout--text-below  qodef--has-appear qodef--has-hover\" data-appear-delay=\"527\">\n\t<div class=\"qodef-m-image\">\n\t\t\t<img loading=\"lazy\" decoding=\"async\" src=\"https:\/\/dar-shaan.com\/wp-content\/uploads\/2024\/02\/local-activities-iwt-img7-500x400.jpg\" alt=\"d\" width=\"500\" height=\"400\" data-ratio=\"1.25\" \/>\t<\/div>\n\t<div class=\"qodef-m-content\">\n\t\t\t<h4 class=\"qodef-m-title\" style=\"margin-top: 18px\">\n\t\t\t\t\tRue des Consuls : Une rue commer\u00e7ante historique\t\t\t<\/h4>\n\t\t\t<div class=\"qodef-m-text\" ><p>La rue des Consuls est l'une des rues les plus c\u00e9l\u00e8bres de Rabat, connue pour sa riche histoire et ses boutiques anim\u00e9es. Autrefois r\u00e9serv\u00e9e aux diplomates \u00e9trangers, cette art\u00e8re anim\u00e9e de la M\u00e9dina est aujourd'hui bord\u00e9e de boutiques d'artisanat traditionnel, proposant des tapis faits main, des articles en cuir, des bijoux et bien d'autres choses encore. En fl\u00e2nant le long de la rue pav\u00e9e, vous pourrez observer les artisans qualifi\u00e9s \u00e0 l'\u0153uvre et vous immerger dans l'atmosph\u00e8re anim\u00e9e.\u00a0<\/p><\/div>\n\t<\/div>\n<\/div>\n\t\t<\/div>\n\t\t\t\t<\/div>\n\t\t\t\t<div class=\"elementor-element elementor-element-c285c60 elementor-widget__width-inherit elementor-widget elementor-widget-carsten_core_image_with_text\" data-id=\"c285c60\" data-element_type=\"widget\" data-widget_type=\"carsten_core_image_with_text.default\">\n\t\t\t\t<div class=\"elementor-widget-container\">\n\t\t\t<div class=\"qodef-shortcode qodef-m  qodef-image-with-text qodef-layout--text-below  qodef--has-appear qodef--has-hover\" data-appear-delay=\"120\">\n\t<div class=\"qodef-m-image\">\n\t\t\t<img loading=\"lazy\" decoding=\"async\" src=\"https:\/\/dar-shaan.com\/wp-content\/uploads\/2024\/10\/Incide_Gare_Rabat_Ville-1-500x400.jpg\" alt=\"\" width=\"500\" height=\"400\" data-ratio=\"1.25\" \/>\t<\/div>\n\t<div class=\"qodef-m-content\">\n\t\t\t<h4 class=\"qodef-m-title\" style=\"margin-top: 18px\">\n\t\t\t\t\tGare de Rabat Ville : Une porte d'entr\u00e9e dans la capitale du Maroc\t\t\t<\/h4>\n\t\t\t<div class=\"qodef-m-text\" ><p>La gare de Rabat Ville est le principal centre ferroviaire de la ville, offrant une connexion transparente avec les principales destinations du Maroc. Avec ses installations modernes et ses \u00e9l\u00e9ments architecturaux marocains traditionnels, la gare est un point de rep\u00e8re \u00e0 la fois pratique et esth\u00e9tique. Situ\u00e9e au centre de la ville, elle permet d'acc\u00e9der facilement aux principales attractions de Rabat, notamment la M\u00e9dina et la Ville Nouvelle.<\/p><\/div>\n\t<\/div>\n<\/div>\n\t\t<\/div>\n\t\t\t\t<\/div>\n\t\t\t\t<div class=\"elementor-element elementor-element-a0a3ae1 elementor-widget__width-inherit elementor-widget elementor-widget-carsten_core_image_with_text\" data-id=\"a0a3ae1\" data-element_type=\"widget\" data-widget_type=\"carsten_core_image_with_text.default\">\n\t\t\t\t<div class=\"elementor-widget-container\">\n\t\t\t<div class=\"qodef-shortcode qodef-m  qodef-image-with-text qodef-layout--text-below  qodef--has-appear qodef--has-hover\" data-appear-delay=\"227\">\n\t<div class=\"qodef-m-image\">\n\t\t\t<img loading=\"lazy\" decoding=\"async\" src=\"https:\/\/dar-shaan.com\/wp-content\/uploads\/2024\/10\/2019-10-16-500x400.jpg\" alt=\"\" width=\"500\" height=\"400\" data-ratio=\"1.25\" \/>\t<\/div>\n\t<div class=\"qodef-m-content\">\n\t\t\t<h4 class=\"qodef-m-title\" style=\"margin-top: 18px\">\n\t\t\t\t\tRabat Beach : Une escapade c\u00f4ti\u00e8re\t\t\t<\/h4>\n\t\t\t<div class=\"qodef-m-text\" ><p>La plage de Rabat offre une retraite rafra\u00eechissante le long de la c\u00f4te atlantique, \u00e0 une courte distance du centre-ville. Cette belle \u00e9tendue de sable est id\u00e9ale pour prendre un bain de soleil, nager et pratiquer divers sports nautiques. Les visiteurs peuvent se promener le long de la promenade, savourer des fruits de mer locaux dans les restaurants voisins ou se d\u00e9tendre avec un livre en \u00e9coutant le bruit apaisant des vagues. Avec ses vues pittoresques et son atmosph\u00e8re anim\u00e9e.<\/p><\/div>\n\t<\/div>\n<\/div>\n\t\t<\/div>\n\t\t\t\t<\/div>\n\t\t\t\t<\/div>\n\t\t\t\t<\/div>","protected":false},"excerpt":{"rendered":"<p>Explore local culture, nature, adventures. Discover the Timeless Charm of Rabat Visiting Rabat offers a blend of history, culture, and modern charm. Explore the bustling Medina, marvel at landmarks like the Hassan Tower, and relax in the Andalusian Gardens. With its coastal beauty, vibrant souks, and rich heritage, Rabat provides an unforgettable Moroccan experience that [&hellip;]<\/p>","protected":false},"author":3,"featured_media":0,"parent":0,"menu_order":0,"comment_status":"closed","ping_status":"closed","template":"page-full-width.php","meta":{"footnotes":""},"class_list":["post-7470","page","type-page","status-publish","hentry"],"_links":{"self":[{"href":"https:\/\/dar-shaan.com\/fr\/wp-json\/wp\/v2\/pages\/7470","targetHints":{"allow":["GET"]}}],"collection":[{"href":"https:\/\/dar-shaan.com\/fr\/wp-json\/wp\/v2\/pages"}],"about":[{"href":"https:\/\/dar-shaan.com\/fr\/wp-json\/wp\/v2\/types\/page"}],"author":[{"embeddable":true,"href":"https:\/\/dar-shaan.com\/fr\/wp-json\/wp\/v2\/users\/3"}],"replies":[{"embeddable":true,"href":"https:\/\/dar-shaan.com\/fr\/wp-json\/wp\/v2\/comments?post=7470"}],"version-history":[{"count":5,"href":"https:\/\/dar-shaan.com\/fr\/wp-json\/wp\/v2\/pages\/7470\/revisions"}],"predecessor-version":[{"id":13022,"href":"https:\/\/dar-shaan.com\/fr\/wp-json\/wp\/v2\/pages\/7470\/revisions\/13022"}],"wp:attachment":[{"href":"https:\/\/dar-shaan.com\/fr\/wp-json\/wp\/v2\/media?parent=7470"}],"curies":[{"name":"wp","href":"https:\/\/api.w.org\/{rel}","templated":true}]}}