{"id":12425,"date":"2024-10-07T08:33:14","date_gmt":"2024-10-07T08:33:14","guid":{"rendered":"http:\/\/dar-shaan.com\/?page_id=12425"},"modified":"2024-10-24T10:54:59","modified_gmt":"2024-10-24T10:54:59","slug":"restaurant","status":"publish","type":"page","link":"https:\/\/dar-shaan.com\/fr\/amenities\/pool\/restaurant\/","title":{"rendered":"Restaurant"},"content":{"rendered":"<div data-elementor-type=\"wp-page\" data-elementor-id=\"12425\" class=\"elementor elementor-12425\">\n\t\t\t\t<div class=\"elementor-element elementor-element-0d91890 e-con-full e-flex e-con e-parent\" data-id=\"0d91890\" data-element_type=\"container\" data-settings=\"{&quot;background_background&quot;:&quot;classic&quot;}\">\n\t\t\t\t<\/div>\n\t\t<div class=\"elementor-element elementor-element-ce6a903 e-con-full e-flex e-con e-parent\" data-id=\"ce6a903\" data-element_type=\"container\">\n\t\t<div class=\"elementor-element elementor-element-b1a1af4 e-con-full qodef-elementor-content-grid e-flex e-con e-child\" data-id=\"b1a1af4\" data-element_type=\"container\">\n\t\t\t\t<div class=\"elementor-element elementor-element-38b9de8 elementor-widget__width-initial elementor-widget elementor-widget-carsten_core_section_title\" data-id=\"38b9de8\" data-element_type=\"widget\" data-widget_type=\"carsten_core_section_title.default\">\n\t\t\t\t<div class=\"elementor-widget-container\">\n\t\t\t<div class=\"qodef-shortcode qodef-m  qodef-section-title qodef-alignment--center\">\n\t\t<h2 class=\"qodef-m-title\" style=\"color: #000000;text-transform: uppercase\">\n\t\t\t\t\tD\u00e9lices culinaires : Le restaurant de Dar Sh\u00e2an\t\t\t<\/h2>\n\t\t<p class=\"qodef-m-subtitle\" style=\"margin-top: 12px\">Laissez-vous tenter par le restaurant exquis du Dar Sh\u00e2an, o\u00f9 les saveurs marocaines authentiques rencontrent les techniques culinaires modernes. Nos chefs talentueux \u00e9laborent un menu qui met en valeur la riche diversit\u00e9 de la cuisine marocaine, en utilisant des ingr\u00e9dients d'origine locale et des recettes traditionnelles. Des tajines parfum\u00e9s aux p\u00e2tisseries d\u00e9lectables, chaque plat est une c\u00e9l\u00e9bration du go\u00fbt et de l'art. Savourez votre repas dans un cadre \u00e9l\u00e9gant, entour\u00e9 d'un d\u00e9cor \u00e9poustouflant et d'une ambiance chaleureuse. Qu'il s'agisse d'un petit-d\u00e9jeuner tranquille, d'un d\u00eener romantique ou d'une c\u00e9l\u00e9bration sp\u00e9ciale, notre restaurant vous promet une exp\u00e9rience gastronomique m\u00e9morable qui capture l'essence m\u00eame du Maroc.<\/p>\n\t<\/div>\n\t\t<\/div>\n\t\t\t\t<\/div>\n\t\t\t\t<\/div>\n\t\t\t\t<\/div>\n\t\t<div class=\"elementor-element elementor-element-ddebf54 e-con-full e-flex e-con e-parent\" data-id=\"ddebf54\" data-element_type=\"container\">\n\t\t<div class=\"elementor-element elementor-element-d35d9a4 e-con-full e-flex e-con e-child\" data-id=\"d35d9a4\" data-element_type=\"container\">\n\t\t\t\t<div class=\"elementor-element elementor-element-fcaa636 elementor-widget elementor-widget-carsten_core_image_gallery\" data-id=\"fcaa636\" data-element_type=\"widget\" data-widget_type=\"carsten_core_image_gallery.default\">\n\t\t\t\t<div class=\"elementor-widget-container\">\n\t\t\t<div class=\"qodef-shortcode qodef-m  qodef-image-gallery   qodef-vertical-align--no  qodef-hover--overlay qodef-grid qodef-swiper-container  qodef-gutter--custom  qodef-col-num--1.9  qodef-responsive--predefined\" style=\"--qode-gradient-color: #002C8240;--qode-gutter-custom: 40px;--qode-gutter-custom-1512: 40px;--qode-gutter-custom-1200: 40px;--qode-gutter-custom-880: 20px\" data-options=\"{&quot;spaceBetween&quot;:40,&quot;spaceBetween1512&quot;:40,&quot;spaceBetween1200&quot;:40,&quot;spaceBetween880&quot;:20,&quot;slidesPerView&quot;:1.8999999999999999,&quot;loop&quot;:true,&quot;autoplay&quot;:true,&quot;speed&quot;:&quot;&quot;,&quot;speedAnimation&quot;:&quot;&quot;,&quot;slideAnimation&quot;:&quot;&quot;,&quot;direction&quot;:&quot;&quot;,&quot;reverseDirection&quot;:false,&quot;centeredSlides&quot;:true,&quot;sliderScroll&quot;:&quot;&quot;,&quot;loopedSlides&quot;:&quot;&quot;,&quot;hiddenSlides&quot;:&quot;&quot;,&quot;partialColumn&quot;:true,&quot;partialColumnValue&quot;:&quot;0.9&quot;}\">\n\t<div class=\"swiper-wrapper\">\n\t\t<div class=\"qodef-e qodef-image-wrapper swiper-slide\">\n\t\t\t<div class=\"qodef-e-image\">\n\t\t\t<img fetchpriority=\"high\" decoding=\"async\" src=\"https:\/\/dar-shaan.com\/wp-content\/uploads\/2024\/10\/046A6624-scaled-700x500.jpg\" alt=\"\" width=\"700\" height=\"500\" data-ratio=\"1.4\" \/>\t\t<\/div>\n\t\t\t<\/div>\n<div class=\"qodef-e qodef-image-wrapper swiper-slide\">\n\t\t\t<div class=\"qodef-e-image\">\n\t\t\t<img decoding=\"async\" src=\"https:\/\/dar-shaan.com\/wp-content\/uploads\/2024\/10\/046A6276-scaled-700x500.jpg\" alt=\"\" width=\"700\" height=\"500\" data-ratio=\"1.4\" \/>\t\t<\/div>\n\t\t\t<\/div>\n<div class=\"qodef-e qodef-image-wrapper swiper-slide\">\n\t\t\t<div class=\"qodef-e-image\">\n\t\t\t<img decoding=\"async\" src=\"https:\/\/dar-shaan.com\/wp-content\/uploads\/2024\/10\/046A6507-scaled-700x500.jpg\" alt=\"\" width=\"700\" height=\"500\" data-ratio=\"1.4\" \/>\t\t<\/div>\n\t\t\t<\/div>\n<div class=\"qodef-e qodef-image-wrapper swiper-slide\">\n\t\t\t<div class=\"qodef-e-image\">\n\t\t\t<img loading=\"lazy\" decoding=\"async\" src=\"https:\/\/dar-shaan.com\/wp-content\/uploads\/2024\/10\/046A6289-scaled-700x500.jpg\" alt=\"\" width=\"700\" height=\"500\" data-ratio=\"1.4\" \/>\t\t<\/div>\n\t\t\t<\/div>\n<div class=\"qodef-e qodef-image-wrapper swiper-slide\">\n\t\t\t<div class=\"qodef-e-image\">\n\t\t\t<img loading=\"lazy\" decoding=\"async\" src=\"https:\/\/dar-shaan.com\/wp-content\/uploads\/2024\/10\/046A6261-scaled-700x500.jpg\" alt=\"\" width=\"700\" height=\"500\" data-ratio=\"1.4\" \/>\t\t<\/div>\n\t\t\t<\/div>\n<div class=\"qodef-e qodef-image-wrapper swiper-slide\">\n\t\t\t<div class=\"qodef-e-image\">\n\t\t\t<img loading=\"lazy\" decoding=\"async\" src=\"https:\/\/dar-shaan.com\/wp-content\/uploads\/2024\/10\/046A5620-scaled-700x500.jpg\" alt=\"\" width=\"700\" height=\"500\" data-ratio=\"1.4\" \/>\t\t<\/div>\n\t\t\t<\/div>\n<div class=\"qodef-e qodef-image-wrapper swiper-slide\">\n\t\t\t<div class=\"qodef-e-image\">\n\t\t\t<img loading=\"lazy\" decoding=\"async\" src=\"https:\/\/dar-shaan.com\/wp-content\/uploads\/2024\/10\/046A6343-scaled-700x500.jpg\" alt=\"\" width=\"700\" height=\"500\" data-ratio=\"1.4\" \/>\t\t<\/div>\n\t\t\t<\/div>\n<div class=\"qodef-e qodef-image-wrapper swiper-slide\">\n\t\t\t<div class=\"qodef-e-image\">\n\t\t\t<img loading=\"lazy\" decoding=\"async\" src=\"https:\/\/dar-shaan.com\/wp-content\/uploads\/2024\/10\/046A5286-scaled-700x500.jpg\" alt=\"\" width=\"700\" height=\"500\" data-ratio=\"1.4\" \/>\t\t<\/div>\n\t\t\t<\/div>\n<div class=\"qodef-e qodef-image-wrapper swiper-slide\">\n\t\t\t<div class=\"qodef-e-image\">\n\t\t\t<img loading=\"lazy\" decoding=\"async\" src=\"https:\/\/dar-shaan.com\/wp-content\/uploads\/2024\/10\/046A6384-scaled-700x500.jpg\" alt=\"\" width=\"700\" height=\"500\" data-ratio=\"1.4\" \/>\t\t<\/div>\n\t\t\t<\/div>\n<div class=\"qodef-e qodef-image-wrapper swiper-slide\">\n\t\t\t<div class=\"qodef-e-image\">\n\t\t\t<img loading=\"lazy\" decoding=\"async\" src=\"https:\/\/dar-shaan.com\/wp-content\/uploads\/2024\/10\/046A6538-scaled-700x500.jpg\" alt=\"\" width=\"700\" height=\"500\" data-ratio=\"1.4\" \/>\t\t<\/div>\n\t\t\t<\/div>\n\t<\/div>\n\t\t<\/div>\n\t\t<\/div>\n\t\t\t\t<\/div>\n\t\t\t\t<\/div>\n\t\t\t\t<\/div>\n\t\t<div class=\"elementor-element elementor-element-c2f3149 e-con-full e-flex e-con e-parent\" data-id=\"c2f3149\" data-element_type=\"container\">\n\t\t<div class=\"elementor-element elementor-element-9fb9033 e-con-full e-flex e-con e-child\" data-id=\"9fb9033\" data-element_type=\"container\">\n\t\t\t\t<div class=\"elementor-element elementor-element-ba4999c elementor-widget elementor-widget-google_maps\" data-id=\"ba4999c\" data-element_type=\"widget\" data-widget_type=\"google_maps.default\">\n\t\t\t\t<div class=\"elementor-widget-container\">\n\t\t\t\t\t<div class=\"elementor-custom-embed\">\n\t\t\t<iframe loading=\"lazy\"\n\t\t\t\t\tsrc=\"https:\/\/maps.google.com\/maps?q=%2024%20Rue%20Jirari%2C%20Ancienne%20Medina%2C%20Rabat&#038;t=m&#038;z=10&#038;output=embed&#038;iwloc=near\"\n\t\t\t\t\ttitle=\" 24 Rue Jirari, Ancienne Medina, Rabat\"\n\t\t\t\t\taria-label=\" 24 Rue Jirari, Ancienne Medina, Rabat\"\n\t\t\t><\/iframe>\n\t\t<\/div>\n\t\t\t\t<\/div>\n\t\t\t\t<\/div>\n\t\t\t\t<\/div>\n\t\t<div class=\"elementor-element elementor-element-b6e3392 e-con-full e-flex e-con e-child\" data-id=\"b6e3392\" data-element_type=\"container\">\n\t\t\t\t<div class=\"elementor-element elementor-element-3e83f46 elementor-widget elementor-widget-carsten_core_section_title\" data-id=\"3e83f46\" data-element_type=\"widget\" data-widget_type=\"carsten_core_section_title.default\">\n\t\t\t\t<div class=\"elementor-widget-container\">\n\t\t\t<div class=\"qodef-shortcode qodef-m  qodef-section-title qodef-alignment--left\">\n\t\t<h3 class=\"qodef-m-title\" >\n\t\t\t\t\tR\u00e9servez d\u00e8s maintenant pour une escapade sereine \u00e0 Dar Sh\u00e2an !\t\t\t<\/h3>\n\t\t<\/div>\n\t\t<\/div>\n\t\t\t\t<\/div>\n\t\t\t\t<div class=\"elementor-element elementor-element-39708b6 popmake-12929 elementor-widget elementor-widget-carsten_core_button\" data-id=\"39708b6\" data-element_type=\"widget\" data-widget_type=\"carsten_core_button.default\">\n\t\t\t\t<div class=\"elementor-widget-container\">\n\t\t\t<a class=\"qodef-shortcode qodef-m  qodef-button qodef-layout--filled  qodef-html--link\" href=\"\" target=\"_self\" style=\"--qode-button-color: #FFFFFF;--qode-button-hover-color: #000000;--qode-button-bg-color: #000000;--qode-button-bg-hover-color: #FFFFFF;--qode-button-border-color: #000000;--qode-button-border-hover-color: #000000\">\n\t<span class=\"qodef-m-text\">R\u00e9server<\/span>\n<\/a>\n\t\t<\/div>\n\t\t\t\t<\/div>\n\t\t\t\t<\/div>\n\t\t\t\t<\/div>\n\t\t<div class=\"elementor-element elementor-element-cc7d86f e-con-full e-flex e-con e-parent\" data-id=\"cc7d86f\" data-element_type=\"container\">\n\t\t<div class=\"elementor-element elementor-element-0029d48 e-con-full e-flex e-con e-child\" data-id=\"0029d48\" data-element_type=\"container\">\n\t\t\t\t<div class=\"elementor-element elementor-element-04c9fd9 elementor-widget elementor-widget-carsten_core_image_gallery\" data-id=\"04c9fd9\" data-element_type=\"widget\" data-widget_type=\"carsten_core_image_gallery.default\">\n\t\t\t\t<div class=\"elementor-widget-container\">\n\t\t\t<div class=\"qodef-shortcode qodef-m  qodef-image-gallery   qodef-vertical-align--no qodef--light qodef-hover--overlay qodef-grid qodef-swiper-container  qodef-gutter--no  qodef-col-num--1  qodef-responsive--predefined\"  data-options=\"{&quot;spaceBetween&quot;:0,&quot;slidesPerView&quot;:&quot;1&quot;,&quot;loop&quot;:true,&quot;autoplay&quot;:true,&quot;speed&quot;:&quot;&quot;,&quot;speedAnimation&quot;:&quot;&quot;,&quot;slideAnimation&quot;:&quot;&quot;,&quot;direction&quot;:&quot;&quot;,&quot;reverseDirection&quot;:false,&quot;centeredSlides&quot;:&quot;&quot;,&quot;sliderScroll&quot;:&quot;&quot;,&quot;loopedSlides&quot;:&quot;&quot;,&quot;hiddenSlides&quot;:&quot;no&quot;,&quot;partialColumn&quot;:&quot;&quot;,&quot;partialColumnValue&quot;:0}\">\n\t<div class=\"swiper-wrapper\">\n\t\t<div class=\"qodef-e qodef-image-wrapper swiper-slide\">\n\t\t\t<div class=\"qodef-e-image\">\n\t\t\t<img loading=\"lazy\" decoding=\"async\" src=\"https:\/\/dar-shaan.com\/wp-content\/uploads\/2024\/10\/046A6516-scaled-800x800.jpg\" alt=\"\" width=\"800\" height=\"800\" data-ratio=\"1\" \/>\t\t<\/div>\n\t\t\t<\/div>\n<div class=\"qodef-e qodef-image-wrapper swiper-slide\">\n\t\t\t<div class=\"qodef-e-image\">\n\t\t\t<img loading=\"lazy\" decoding=\"async\" src=\"https:\/\/dar-shaan.com\/wp-content\/uploads\/2024\/10\/046A5427-scaled-800x800.jpg\" alt=\"\" width=\"800\" height=\"800\" data-ratio=\"1\" \/>\t\t<\/div>\n\t\t\t<\/div>\n<div class=\"qodef-e qodef-image-wrapper swiper-slide\">\n\t\t\t<div class=\"qodef-e-image\">\n\t\t\t<img loading=\"lazy\" decoding=\"async\" src=\"https:\/\/dar-shaan.com\/wp-content\/uploads\/2024\/10\/046A6801-scaled-800x800.jpg\" alt=\"\" width=\"800\" height=\"800\" data-ratio=\"1\" \/>\t\t<\/div>\n\t\t\t<\/div>\n<div class=\"qodef-e qodef-image-wrapper swiper-slide\">\n\t\t\t<div class=\"qodef-e-image\">\n\t\t\t<img loading=\"lazy\" decoding=\"async\" src=\"https:\/\/dar-shaan.com\/wp-content\/uploads\/2024\/10\/046A4642-scaled-800x800.jpg\" alt=\"\" width=\"800\" height=\"800\" data-ratio=\"1\" \/>\t\t<\/div>\n\t\t\t<\/div>\n<div class=\"qodef-e qodef-image-wrapper swiper-slide\">\n\t\t\t<div class=\"qodef-e-image\">\n\t\t\t<img loading=\"lazy\" decoding=\"async\" src=\"https:\/\/dar-shaan.com\/wp-content\/uploads\/2024\/10\/046A6942-scaled-800x800.jpg\" alt=\"\" width=\"800\" height=\"800\" data-ratio=\"1\" \/>\t\t<\/div>\n\t\t\t<\/div>\n\t<\/div>\n\t\t<div class=\"swiper-button-prev\"><svg class=\"qodef-svg--navigation-arrow-left\" xmlns=\"http:\/\/www.w3.org\/2000\/svg\" width=\"25.547\" height=\"50.094\"><path fill=\"none\" stroke=\"currentColor\" stroke-linecap=\"round\" stroke-linejoin=\"round\" d=\"M24.84.707.5 25.047l24.34 24.34\"\/><\/svg><\/div>\n\t<div class=\"swiper-button-next\"><svg class=\"qodef-svg--navigation-arrow-right\" xmlns=\"http:\/\/www.w3.org\/2000\/svg\" width=\"25.547\" height=\"50.094\"><path fill=\"none\" stroke=\"currentColor\" stroke-linecap=\"round\" stroke-linejoin=\"round\" d=\"m.707.707 24.34 24.34-24.34 24.34\"\/><\/svg><\/div>\n\t<\/div>\n\t\t<\/div>\n\t\t\t\t<\/div>\n\t\t\t\t<\/div>\n\t\t<div class=\"elementor-element elementor-element-2bbe365 e-con-full e-flex e-con e-child\" data-id=\"2bbe365\" data-element_type=\"container\" data-settings=\"{&quot;background_background&quot;:&quot;classic&quot;}\">\n\t\t\t\t<div class=\"elementor-element elementor-element-dc46d1e elementor-widget elementor-widget-carsten_core_section_title\" data-id=\"dc46d1e\" data-element_type=\"widget\" data-widget_type=\"carsten_core_section_title.default\">\n\t\t\t\t<div class=\"elementor-widget-container\">\n\t\t\t<div class=\"qodef-shortcode qodef-m  qodef-section-title qodef-alignment--left\">\n\t\t<h3 class=\"qodef-m-title\" style=\"color: #FFFFFF\">\n\t\t\t\t\tLes points de vue de nos invit\u00e9s\t\t\t<\/h3>\n\t\t<\/div>\n\t\t<\/div>\n\t\t\t\t<\/div>\n\t\t\t\t<div class=\"elementor-element elementor-element-f18f8a0 elementor-widget elementor-widget-carsten_core_testimonials_list\" data-id=\"f18f8a0\" data-element_type=\"widget\" data-widget_type=\"carsten_core_testimonials_list.default\">\n\t\t\t\t<div class=\"elementor-widget-container\">\n\t\t\t<div class=\"qodef-testimonials-wrapper qodef-padding-reset\">\n    <div class=\"qodef-shortcode qodef-m  qodef-testimonials-list qodef-skin--light  qodef-image-border-radius qodef-grid qodef-swiper-container    qodef-col-num--1 qodef-item-layout--info-below qodef-responsive--predefined qodef-swiper--show-pagination\" style=\"--text-font-size: 18px\" data-options=\"{&quot;spaceBetween&quot;:30,&quot;slidesPerView&quot;:&quot;1&quot;,&quot;loop&quot;:true,&quot;autoplay&quot;:true,&quot;speed&quot;:&quot;&quot;,&quot;speedAnimation&quot;:&quot;&quot;,&quot;slideAnimation&quot;:&quot;&quot;,&quot;direction&quot;:&quot;&quot;,&quot;reverseDirection&quot;:false,&quot;centeredSlides&quot;:&quot;&quot;,&quot;sliderScroll&quot;:&quot;&quot;,&quot;loopedSlides&quot;:&quot;&quot;,&quot;hiddenSlides&quot;:&quot;&quot;,&quot;partialColumn&quot;:&quot;&quot;,&quot;partialColumnValue&quot;:0,&quot;outsideNavigation&quot;:&quot;yes&quot;,&quot;unique&quot;:672}\">\n                                <span class=\"qodef--quote\">\n                    <svg xmlns=\"http:\/\/www.w3.org\/2000\/svg\" width=\"64\" height=\"80\"><text fill=\"currentColor\" data-name=\"\u201c\" font-family=\"Jost-Regular, Jost\" font-size=\"90\"><tspan x=\"0\" y=\"96\">\u201c<\/tspan><\/text><\/svg>\n                <\/span>\n                <div class=\"swiper-wrapper\">\n            <div class=\"qodef-e swiper-slide\">\n\t<div class=\"qodef-e-inner\">\n\t\t\t\t<div class=\"qodef-e-content\">\n\t\t\t\t<h4 itemprop=\"name\" class=\"qodef-e-title entry-title\" >\n\t\tTr\u00e8s beau riad\t<\/h4>\n\t\t\t\t<p itemprop=\"description\" class=\"qodef-e-text\">Chambres confortables, mais manque d'espaces communs ad\u00e9quats.<\/p>\n\t\t\t\t<div class=\"qodef-e-author\">\n\t\t<span class=\"qodef-e-author-name\"> Romina D&#039;Ambrosio<\/span>\n        <span class=\"qodef-info-separator-end\"><\/span>\n\t\t\t<\/div>\n\t\t<\/div>\n\t<\/div>\n<\/div>\n<div class=\"qodef-e swiper-slide\">\n\t<div class=\"qodef-e-inner\">\n\t\t\t\t<div class=\"qodef-e-content\">\n\t\t\t\t<h4 itemprop=\"name\" class=\"qodef-e-title entry-title\" >\n\t\tTr\u00e8s beau riad, bien entretenu. \t<\/h4>\n\t\t\t\t<p itemprop=\"description\" class=\"qodef-e-text\">Excellente situation. Hautement recommand\u00e9 aussi pour la gentillesse du personnel !<\/p>\n\t\t\t\t<div class=\"qodef-e-author\">\n\t\t<span class=\"qodef-e-author-name\">Enrica Mantovani<\/span>\n        <span class=\"qodef-info-separator-end\"><\/span>\n\t\t\t<\/div>\n\t\t<\/div>\n\t<\/div>\n<\/div>\n<div class=\"qodef-e swiper-slide\">\n\t<div class=\"qodef-e-inner\">\n\t\t\t\t<div class=\"qodef-e-content\">\n\t\t\t\t<h4 itemprop=\"name\" class=\"qodef-e-title entry-title\" >\n\t\tLa propri\u00e9t\u00e9 est tr\u00e8s bien situ\u00e9e.\t<\/h4>\n\t\t\t\t<p itemprop=\"description\" class=\"qodef-e-text\">Le Riad est tr\u00e8s bien entretenu et propre. La salle de bains est fabuleuse. La propri\u00e9t\u00e9 dispose \u00e9galement d'une piscine ext\u00e9rieure, elle aussi divinement entretenue. Le jardin int\u00e9rieur est fabuleux, donnant \u00e0 l'endroit une touche zen.<\/p>\n\t\t\t\t<div class=\"qodef-e-author\">\n\t\t<span class=\"qodef-e-author-name\">May Flowers<\/span>\n        <span class=\"qodef-info-separator-end\"><\/span>\n\t\t\t<\/div>\n\t\t<\/div>\n\t<\/div>\n<\/div>\n        <\/div>\n        \t<div class=\"swiper-pagination\"><\/div>\n    <\/div>\n    <\/div>\n\n\t\t<\/div>\n\t\t\t\t<\/div>\n\t\t\t\t<\/div>\n\t\t\t\t<\/div>\n\t\t\t\t<\/div>","protected":false},"excerpt":{"rendered":"<p>Culinary Delights: The Restaurant at Dar Sh\u00e2an Indulge your senses at the exquisite restaurant of Dar Sh\u00e2an, where authentic Moroccan flavors meet modern culinary techniques. Our talented chefs curate a menu that showcases the rich diversity of Moroccan cuisine, using locally sourced ingredients and traditional recipes. From fragrant tagines to delectable pastries, each dish is [&hellip;]<\/p>","protected":false},"author":3,"featured_media":0,"parent":7687,"menu_order":0,"comment_status":"closed","ping_status":"closed","template":"page-full-width.php","meta":{"footnotes":""},"class_list":["post-12425","page","type-page","status-publish","hentry"],"_links":{"self":[{"href":"https:\/\/dar-shaan.com\/fr\/wp-json\/wp\/v2\/pages\/12425","targetHints":{"allow":["GET"]}}],"collection":[{"href":"https:\/\/dar-shaan.com\/fr\/wp-json\/wp\/v2\/pages"}],"about":[{"href":"https:\/\/dar-shaan.com\/fr\/wp-json\/wp\/v2\/types\/page"}],"author":[{"embeddable":true,"href":"https:\/\/dar-shaan.com\/fr\/wp-json\/wp\/v2\/users\/3"}],"replies":[{"embeddable":true,"href":"https:\/\/dar-shaan.com\/fr\/wp-json\/wp\/v2\/comments?post=12425"}],"version-history":[{"count":5,"href":"https:\/\/dar-shaan.com\/fr\/wp-json\/wp\/v2\/pages\/12425\/revisions"}],"predecessor-version":[{"id":12968,"href":"https:\/\/dar-shaan.com\/fr\/wp-json\/wp\/v2\/pages\/12425\/revisions\/12968"}],"up":[{"embeddable":true,"href":"https:\/\/dar-shaan.com\/fr\/wp-json\/wp\/v2\/pages\/7687"}],"wp:attachment":[{"href":"https:\/\/dar-shaan.com\/fr\/wp-json\/wp\/v2\/media?parent=12425"}],"curies":[{"name":"wp","href":"https:\/\/api.w.org\/{rel}","templated":true}]}}