{"id":12422,"date":"2024-10-07T08:31:10","date_gmt":"2024-10-07T08:31:10","guid":{"rendered":"http:\/\/dar-shaan.com\/?page_id=12422"},"modified":"2024-10-24T10:53:56","modified_gmt":"2024-10-24T10:53:56","slug":"spa","status":"publish","type":"page","link":"https:\/\/dar-shaan.com\/fr\/amenities\/pool\/spa\/","title":{"rendered":"SPA"},"content":{"rendered":"<div data-elementor-type=\"wp-page\" data-elementor-id=\"12422\" class=\"elementor elementor-12422\">\n\t\t\t\t<div class=\"elementor-element elementor-element-8026c61 e-con-full e-flex e-con e-parent\" data-id=\"8026c61\" data-element_type=\"container\" data-settings=\"{&quot;background_background&quot;:&quot;classic&quot;}\">\n\t\t\t\t<\/div>\n\t\t<div class=\"elementor-element elementor-element-6211eaf e-con-full e-flex e-con e-parent\" data-id=\"6211eaf\" data-element_type=\"container\">\n\t\t<div class=\"elementor-element elementor-element-2f73c3a e-con-full qodef-elementor-content-grid e-flex e-con e-child\" data-id=\"2f73c3a\" data-element_type=\"container\">\n\t\t\t\t<div class=\"elementor-element elementor-element-45237a1 elementor-widget__width-initial elementor-widget elementor-widget-carsten_core_section_title\" data-id=\"45237a1\" data-element_type=\"widget\" data-widget_type=\"carsten_core_section_title.default\">\n\t\t\t\t<div class=\"elementor-widget-container\">\n\t\t\t<div class=\"qodef-shortcode qodef-m  qodef-section-title qodef-alignment--center\">\n\t\t<h2 class=\"qodef-m-title\" style=\"color: #000000;text-transform: uppercase\">\n\t\t\t\t\tRajeunir et revitaliser : Le Spa de Dar Sh\u00e2an\t\t\t<\/h2>\n\t\t<p class=\"qodef-m-subtitle\" style=\"margin-top: 12px\">\u00c9chappez \u00e0 l'agitation de la vie quotidienne dans le spa serein du Dar Sh\u00e2an, o\u00f9 la tranquillit\u00e9 et le rajeunissement vous attendent. Ce spa luxueux propose une gamme de soins con\u00e7us pour rafra\u00eechir le corps et l'esprit, des hammams marocains traditionnels aux massages apaisants, en passant par les soins du visage revigorants. Chaque traitement utilise des produits naturels d'origine locale pour offrir une exp\u00e9rience de bien-\u00eatre authentique. D\u00e9tendez-vous dans notre environnement paisible, con\u00e7u pour renforcer votre sentiment de paix et de bien-\u00eatre. Laissez-vous tenter par une escapade holistique qui nourrit votre esprit et revitalise vos sens dans notre spa exquis.<\/p>\n\t<\/div>\n\t\t<\/div>\n\t\t\t\t<\/div>\n\t\t\t\t<\/div>\n\t\t\t\t<\/div>\n\t\t<div class=\"elementor-element elementor-element-23ec678 e-con-full e-flex e-con e-parent\" data-id=\"23ec678\" data-element_type=\"container\">\n\t\t\t\t<div class=\"elementor-element elementor-element-1e68c93 elementor-widget elementor-widget-carsten_core_image_gallery\" data-id=\"1e68c93\" data-element_type=\"widget\" data-widget_type=\"carsten_core_image_gallery.default\">\n\t\t\t\t<div class=\"elementor-widget-container\">\n\t\t\t<div class=\"qodef-shortcode qodef-m  qodef-image-gallery   qodef-vertical-align--no  qodef-hover--overlay qodef-grid qodef-swiper-container  qodef-gutter--custom  qodef-col-num--1.9  qodef-responsive--predefined\" style=\"--qode-gradient-color: #002C8240;--qode-gutter-custom: 40px;--qode-gutter-custom-1512: 40px;--qode-gutter-custom-1200: 40px;--qode-gutter-custom-880: 20px\" data-options=\"{&quot;spaceBetween&quot;:40,&quot;spaceBetween1512&quot;:40,&quot;spaceBetween1200&quot;:40,&quot;spaceBetween880&quot;:20,&quot;slidesPerView&quot;:1.8999999999999999,&quot;loop&quot;:true,&quot;autoplay&quot;:true,&quot;speed&quot;:&quot;&quot;,&quot;speedAnimation&quot;:&quot;&quot;,&quot;slideAnimation&quot;:&quot;&quot;,&quot;direction&quot;:&quot;&quot;,&quot;reverseDirection&quot;:false,&quot;centeredSlides&quot;:true,&quot;sliderScroll&quot;:&quot;&quot;,&quot;loopedSlides&quot;:&quot;&quot;,&quot;hiddenSlides&quot;:&quot;&quot;,&quot;partialColumn&quot;:true,&quot;partialColumnValue&quot;:&quot;0.9&quot;}\">\n\t<div class=\"swiper-wrapper\">\n\t\t<div class=\"qodef-e qodef-image-wrapper swiper-slide\">\n\t\t\t<div class=\"qodef-e-image\">\n\t\t\t<img fetchpriority=\"high\" decoding=\"async\" src=\"https:\/\/dar-shaan.com\/wp-content\/uploads\/2024\/10\/046A7226-scaled-700x500.jpg\" alt=\"\" width=\"700\" height=\"500\" data-ratio=\"1.4\" \/>\t\t<\/div>\n\t\t\t<\/div>\n<div class=\"qodef-e qodef-image-wrapper swiper-slide\">\n\t\t\t<div class=\"qodef-e-image\">\n\t\t\t<img decoding=\"async\" src=\"https:\/\/dar-shaan.com\/wp-content\/uploads\/2024\/10\/046A5022-scaled-700x500.jpg\" alt=\"\" width=\"700\" height=\"500\" data-ratio=\"1.4\" \/>\t\t<\/div>\n\t\t\t<\/div>\n<div class=\"qodef-e qodef-image-wrapper swiper-slide\">\n\t\t\t<div class=\"qodef-e-image\">\n\t\t\t<img decoding=\"async\" src=\"https:\/\/dar-shaan.com\/wp-content\/uploads\/2024\/10\/046A5032-scaled-700x500.jpg\" alt=\"\" width=\"700\" height=\"500\" data-ratio=\"1.4\" \/>\t\t<\/div>\n\t\t\t<\/div>\n<div class=\"qodef-e qodef-image-wrapper swiper-slide\">\n\t\t\t<div class=\"qodef-e-image\">\n\t\t\t<img loading=\"lazy\" decoding=\"async\" src=\"https:\/\/dar-shaan.com\/wp-content\/uploads\/2024\/10\/046A7206-scaled-700x500.jpg\" alt=\"\" width=\"700\" height=\"500\" data-ratio=\"1.4\" \/>\t\t<\/div>\n\t\t\t<\/div>\n<div class=\"qodef-e qodef-image-wrapper swiper-slide\">\n\t\t\t<div class=\"qodef-e-image\">\n\t\t\t<img loading=\"lazy\" decoding=\"async\" src=\"https:\/\/dar-shaan.com\/wp-content\/uploads\/2024\/10\/046A5001-scaled-700x500.jpg\" alt=\"\" width=\"700\" height=\"500\" data-ratio=\"1.4\" \/>\t\t<\/div>\n\t\t\t<\/div>\n\t<\/div>\n\t\t<\/div>\n\t\t<\/div>\n\t\t\t\t<\/div>\n\t\t\t\t<\/div>\n\t\t<div class=\"elementor-element elementor-element-f27bee4 e-con-full e-flex e-con e-parent\" data-id=\"f27bee4\" data-element_type=\"container\">\n\t\t<div class=\"elementor-element elementor-element-3d93240 e-con-full e-flex e-con e-child\" data-id=\"3d93240\" data-element_type=\"container\">\n\t\t\t\t<div class=\"elementor-element elementor-element-53687d3 elementor-widget elementor-widget-google_maps\" data-id=\"53687d3\" data-element_type=\"widget\" data-widget_type=\"google_maps.default\">\n\t\t\t\t<div class=\"elementor-widget-container\">\n\t\t\t\t\t<div class=\"elementor-custom-embed\">\n\t\t\t<iframe loading=\"lazy\"\n\t\t\t\t\tsrc=\"https:\/\/maps.google.com\/maps?q=%2024%20Rue%20Jirari%2C%20Ancienne%20Medina%2C%20Rabat&#038;t=m&#038;z=10&#038;output=embed&#038;iwloc=near\"\n\t\t\t\t\ttitle=\" 24 Rue Jirari, Ancienne Medina, Rabat\"\n\t\t\t\t\taria-label=\" 24 Rue Jirari, Ancienne Medina, Rabat\"\n\t\t\t><\/iframe>\n\t\t<\/div>\n\t\t\t\t<\/div>\n\t\t\t\t<\/div>\n\t\t\t\t<\/div>\n\t\t<div class=\"elementor-element elementor-element-713cc43 e-con-full e-flex e-con e-child\" data-id=\"713cc43\" data-element_type=\"container\">\n\t\t\t\t<div class=\"elementor-element elementor-element-19f9c67 elementor-widget elementor-widget-carsten_core_section_title\" data-id=\"19f9c67\" data-element_type=\"widget\" data-widget_type=\"carsten_core_section_title.default\">\n\t\t\t\t<div class=\"elementor-widget-container\">\n\t\t\t<div class=\"qodef-shortcode qodef-m  qodef-section-title qodef-alignment--left\">\n\t\t<h3 class=\"qodef-m-title\" >\n\t\t\t\t\tR\u00e9servez d\u00e8s maintenant pour une escapade sereine \u00e0 Dar Sh\u00e2an !\t\t\t<\/h3>\n\t\t<\/div>\n\t\t<\/div>\n\t\t\t\t<\/div>\n\t\t\t\t<div class=\"elementor-element elementor-element-8c1401c popmake-12929 elementor-widget elementor-widget-carsten_core_button\" data-id=\"8c1401c\" data-element_type=\"widget\" data-widget_type=\"carsten_core_button.default\">\n\t\t\t\t<div class=\"elementor-widget-container\">\n\t\t\t<a class=\"qodef-shortcode qodef-m  qodef-button qodef-layout--filled  qodef-html--link\" href=\"\" target=\"_self\" style=\"--qode-button-color: #FFFFFF;--qode-button-hover-color: #000000;--qode-button-bg-color: #000000;--qode-button-bg-hover-color: #FFFFFF;--qode-button-border-color: #000000;--qode-button-border-hover-color: #000000\">\n\t<span class=\"qodef-m-text\">R\u00e9server<\/span>\n<\/a>\n\t\t<\/div>\n\t\t\t\t<\/div>\n\t\t\t\t<\/div>\n\t\t\t\t<\/div>\n\t\t<div class=\"elementor-element elementor-element-484eda9 e-con-full e-flex e-con e-parent\" data-id=\"484eda9\" data-element_type=\"container\">\n\t\t<div class=\"elementor-element elementor-element-af3c8ad e-con-full e-flex e-con e-child\" data-id=\"af3c8ad\" data-element_type=\"container\">\n\t\t\t\t<div class=\"elementor-element elementor-element-b6982ea elementor-widget elementor-widget-carsten_core_image_gallery\" data-id=\"b6982ea\" data-element_type=\"widget\" data-widget_type=\"carsten_core_image_gallery.default\">\n\t\t\t\t<div class=\"elementor-widget-container\">\n\t\t\t<div class=\"qodef-shortcode qodef-m  qodef-image-gallery   qodef-vertical-align--no qodef--light qodef-hover--overlay qodef-grid qodef-swiper-container  qodef-gutter--no  qodef-col-num--1  qodef-responsive--predefined\"  data-options=\"{&quot;spaceBetween&quot;:0,&quot;slidesPerView&quot;:&quot;1&quot;,&quot;loop&quot;:true,&quot;autoplay&quot;:true,&quot;speed&quot;:&quot;&quot;,&quot;speedAnimation&quot;:&quot;&quot;,&quot;slideAnimation&quot;:&quot;&quot;,&quot;direction&quot;:&quot;&quot;,&quot;reverseDirection&quot;:false,&quot;centeredSlides&quot;:&quot;&quot;,&quot;sliderScroll&quot;:&quot;&quot;,&quot;loopedSlides&quot;:&quot;&quot;,&quot;hiddenSlides&quot;:&quot;no&quot;,&quot;partialColumn&quot;:&quot;&quot;,&quot;partialColumnValue&quot;:0}\">\n\t<div class=\"swiper-wrapper\">\n\t\t<div class=\"qodef-e qodef-image-wrapper swiper-slide\">\n\t\t\t<div class=\"qodef-e-image\">\n\t\t\t<img loading=\"lazy\" decoding=\"async\" src=\"https:\/\/dar-shaan.com\/wp-content\/uploads\/2024\/10\/046A6516-scaled-800x800.jpg\" alt=\"\" width=\"800\" height=\"800\" data-ratio=\"1\" \/>\t\t<\/div>\n\t\t\t<\/div>\n<div class=\"qodef-e qodef-image-wrapper swiper-slide\">\n\t\t\t<div class=\"qodef-e-image\">\n\t\t\t<img loading=\"lazy\" decoding=\"async\" src=\"https:\/\/dar-shaan.com\/wp-content\/uploads\/2024\/10\/046A5427-scaled-800x800.jpg\" alt=\"\" width=\"800\" height=\"800\" data-ratio=\"1\" \/>\t\t<\/div>\n\t\t\t<\/div>\n<div class=\"qodef-e qodef-image-wrapper swiper-slide\">\n\t\t\t<div class=\"qodef-e-image\">\n\t\t\t<img loading=\"lazy\" decoding=\"async\" src=\"https:\/\/dar-shaan.com\/wp-content\/uploads\/2024\/10\/046A6801-scaled-800x800.jpg\" alt=\"\" width=\"800\" height=\"800\" data-ratio=\"1\" \/>\t\t<\/div>\n\t\t\t<\/div>\n<div class=\"qodef-e qodef-image-wrapper swiper-slide\">\n\t\t\t<div class=\"qodef-e-image\">\n\t\t\t<img loading=\"lazy\" decoding=\"async\" src=\"https:\/\/dar-shaan.com\/wp-content\/uploads\/2024\/10\/046A4642-scaled-800x800.jpg\" alt=\"\" width=\"800\" height=\"800\" data-ratio=\"1\" \/>\t\t<\/div>\n\t\t\t<\/div>\n<div class=\"qodef-e qodef-image-wrapper swiper-slide\">\n\t\t\t<div class=\"qodef-e-image\">\n\t\t\t<img loading=\"lazy\" decoding=\"async\" src=\"https:\/\/dar-shaan.com\/wp-content\/uploads\/2024\/10\/046A6942-scaled-800x800.jpg\" alt=\"\" width=\"800\" height=\"800\" data-ratio=\"1\" \/>\t\t<\/div>\n\t\t\t<\/div>\n\t<\/div>\n\t\t<div class=\"swiper-button-prev\"><svg class=\"qodef-svg--navigation-arrow-left\" xmlns=\"http:\/\/www.w3.org\/2000\/svg\" width=\"25.547\" height=\"50.094\"><path fill=\"none\" stroke=\"currentColor\" stroke-linecap=\"round\" stroke-linejoin=\"round\" d=\"M24.84.707.5 25.047l24.34 24.34\"\/><\/svg><\/div>\n\t<div class=\"swiper-button-next\"><svg class=\"qodef-svg--navigation-arrow-right\" xmlns=\"http:\/\/www.w3.org\/2000\/svg\" width=\"25.547\" height=\"50.094\"><path fill=\"none\" stroke=\"currentColor\" stroke-linecap=\"round\" stroke-linejoin=\"round\" d=\"m.707.707 24.34 24.34-24.34 24.34\"\/><\/svg><\/div>\n\t<\/div>\n\t\t<\/div>\n\t\t\t\t<\/div>\n\t\t\t\t<\/div>\n\t\t<div class=\"elementor-element elementor-element-75713ed e-con-full e-flex e-con e-child\" data-id=\"75713ed\" data-element_type=\"container\" data-settings=\"{&quot;background_background&quot;:&quot;classic&quot;}\">\n\t\t\t\t<div class=\"elementor-element elementor-element-0075298 elementor-widget elementor-widget-carsten_core_section_title\" data-id=\"0075298\" data-element_type=\"widget\" data-widget_type=\"carsten_core_section_title.default\">\n\t\t\t\t<div class=\"elementor-widget-container\">\n\t\t\t<div class=\"qodef-shortcode qodef-m  qodef-section-title qodef-alignment--left\">\n\t\t<h3 class=\"qodef-m-title\" style=\"color: #FFFFFF\">\n\t\t\t\t\tLes points de vue de nos invit\u00e9s\t\t\t<\/h3>\n\t\t<\/div>\n\t\t<\/div>\n\t\t\t\t<\/div>\n\t\t\t\t<div class=\"elementor-element elementor-element-b57db18 elementor-widget elementor-widget-carsten_core_testimonials_list\" data-id=\"b57db18\" data-element_type=\"widget\" data-widget_type=\"carsten_core_testimonials_list.default\">\n\t\t\t\t<div class=\"elementor-widget-container\">\n\t\t\t<div class=\"qodef-testimonials-wrapper qodef-padding-reset\">\n    <div class=\"qodef-shortcode qodef-m  qodef-testimonials-list qodef-skin--light  qodef-image-border-radius qodef-grid qodef-swiper-container    qodef-col-num--1 qodef-item-layout--info-below qodef-responsive--predefined qodef-swiper--show-pagination\" style=\"--text-font-size: 18px\" data-options=\"{&quot;spaceBetween&quot;:30,&quot;slidesPerView&quot;:&quot;1&quot;,&quot;loop&quot;:true,&quot;autoplay&quot;:true,&quot;speed&quot;:&quot;&quot;,&quot;speedAnimation&quot;:&quot;&quot;,&quot;slideAnimation&quot;:&quot;&quot;,&quot;direction&quot;:&quot;&quot;,&quot;reverseDirection&quot;:false,&quot;centeredSlides&quot;:&quot;&quot;,&quot;sliderScroll&quot;:&quot;&quot;,&quot;loopedSlides&quot;:&quot;&quot;,&quot;hiddenSlides&quot;:&quot;&quot;,&quot;partialColumn&quot;:&quot;&quot;,&quot;partialColumnValue&quot;:0,&quot;outsideNavigation&quot;:&quot;yes&quot;,&quot;unique&quot;:734}\">\n                                <span class=\"qodef--quote\">\n                    <svg xmlns=\"http:\/\/www.w3.org\/2000\/svg\" width=\"64\" height=\"80\"><text fill=\"currentColor\" data-name=\"\u201c\" font-family=\"Jost-Regular, Jost\" font-size=\"90\"><tspan x=\"0\" y=\"96\">\u201c<\/tspan><\/text><\/svg>\n                <\/span>\n                <div class=\"swiper-wrapper\">\n            <div class=\"qodef-e swiper-slide\">\n\t<div class=\"qodef-e-inner\">\n\t\t\t\t<div class=\"qodef-e-content\">\n\t\t\t\t<h4 itemprop=\"name\" class=\"qodef-e-title entry-title\" >\n\t\tTr\u00e8s beau riad\t<\/h4>\n\t\t\t\t<p itemprop=\"description\" class=\"qodef-e-text\">Chambres confortables, mais manque d'espaces communs ad\u00e9quats.<\/p>\n\t\t\t\t<div class=\"qodef-e-author\">\n\t\t<span class=\"qodef-e-author-name\"> Romina D&#039;Ambrosio<\/span>\n        <span class=\"qodef-info-separator-end\"><\/span>\n\t\t\t<\/div>\n\t\t<\/div>\n\t<\/div>\n<\/div>\n<div class=\"qodef-e swiper-slide\">\n\t<div class=\"qodef-e-inner\">\n\t\t\t\t<div class=\"qodef-e-content\">\n\t\t\t\t<h4 itemprop=\"name\" class=\"qodef-e-title entry-title\" >\n\t\tTr\u00e8s beau riad, bien entretenu. \t<\/h4>\n\t\t\t\t<p itemprop=\"description\" class=\"qodef-e-text\">Excellente situation. Hautement recommand\u00e9 aussi pour la gentillesse du personnel !<\/p>\n\t\t\t\t<div class=\"qodef-e-author\">\n\t\t<span class=\"qodef-e-author-name\">Enrica Mantovani<\/span>\n        <span class=\"qodef-info-separator-end\"><\/span>\n\t\t\t<\/div>\n\t\t<\/div>\n\t<\/div>\n<\/div>\n<div class=\"qodef-e swiper-slide\">\n\t<div class=\"qodef-e-inner\">\n\t\t\t\t<div class=\"qodef-e-content\">\n\t\t\t\t<h4 itemprop=\"name\" class=\"qodef-e-title entry-title\" >\n\t\tLa propri\u00e9t\u00e9 est tr\u00e8s bien situ\u00e9e.\t<\/h4>\n\t\t\t\t<p itemprop=\"description\" class=\"qodef-e-text\">Le Riad est tr\u00e8s bien entretenu et propre. La salle de bains est fabuleuse. La propri\u00e9t\u00e9 dispose \u00e9galement d'une piscine ext\u00e9rieure, elle aussi divinement entretenue. Le jardin int\u00e9rieur est fabuleux, donnant \u00e0 l'endroit une touche zen.<\/p>\n\t\t\t\t<div class=\"qodef-e-author\">\n\t\t<span class=\"qodef-e-author-name\">May Flowers<\/span>\n        <span class=\"qodef-info-separator-end\"><\/span>\n\t\t\t<\/div>\n\t\t<\/div>\n\t<\/div>\n<\/div>\n        <\/div>\n        \t<div class=\"swiper-pagination\"><\/div>\n    <\/div>\n    <\/div>\n\n\t\t<\/div>\n\t\t\t\t<\/div>\n\t\t\t\t<\/div>\n\t\t\t\t<\/div>\n\t\t\t\t<\/div>","protected":false},"excerpt":{"rendered":"<p>Rejuvenate and Revitalize: The Spa at Dar Sh\u00e2an Escape the hustle and bustle of daily life at the serene spa of Dar Sh\u00e2an, where tranquility and rejuvenation await. Our luxurious spa offers a range of treatments designed to refresh your body and mind, from traditional Moroccan hammams to soothing massages and invigorating facials. Each treatment [&hellip;]<\/p>","protected":false},"author":3,"featured_media":0,"parent":7687,"menu_order":0,"comment_status":"closed","ping_status":"closed","template":"page-full-width.php","meta":{"footnotes":""},"class_list":["post-12422","page","type-page","status-publish","hentry"],"_links":{"self":[{"href":"https:\/\/dar-shaan.com\/fr\/wp-json\/wp\/v2\/pages\/12422","targetHints":{"allow":["GET"]}}],"collection":[{"href":"https:\/\/dar-shaan.com\/fr\/wp-json\/wp\/v2\/pages"}],"about":[{"href":"https:\/\/dar-shaan.com\/fr\/wp-json\/wp\/v2\/types\/page"}],"author":[{"embeddable":true,"href":"https:\/\/dar-shaan.com\/fr\/wp-json\/wp\/v2\/users\/3"}],"replies":[{"embeddable":true,"href":"https:\/\/dar-shaan.com\/fr\/wp-json\/wp\/v2\/comments?post=12422"}],"version-history":[{"count":5,"href":"https:\/\/dar-shaan.com\/fr\/wp-json\/wp\/v2\/pages\/12422\/revisions"}],"predecessor-version":[{"id":12959,"href":"https:\/\/dar-shaan.com\/fr\/wp-json\/wp\/v2\/pages\/12422\/revisions\/12959"}],"up":[{"embeddable":true,"href":"https:\/\/dar-shaan.com\/fr\/wp-json\/wp\/v2\/pages\/7687"}],"wp:attachment":[{"href":"https:\/\/dar-shaan.com\/fr\/wp-json\/wp\/v2\/media?parent=12422"}],"curies":[{"name":"wp","href":"https:\/\/api.w.org\/{rel}","templated":true}]}}